{"id":1048,"date":"2023-09-04T22:21:03","date_gmt":"2023-09-04T20:21:03","guid":{"rendered":"https:\/\/batonfrancais.com\/?page_id=1048"},"modified":"2023-09-11T17:18:41","modified_gmt":"2023-09-11T15:18:41","slug":"classes","status":"publish","type":"page","link":"https:\/\/batonfrancais.com\/index.php\/classes\/","title":{"rendered":"Classes"},"content":{"rendered":"\n<p>Je vous propose des cours priv\u00e9s ou des cours en groupe, en pr\u00e9sentiel ou online. <\/p>\n\n\n\n<p><\/p>\n\n\n\n<p>Merci de me contacter <a href=\"https:\/\/batonfrancais.com\/index.php\/contact\/\" data-type=\"link\" data-id=\"https:\/\/batonfrancais.com\/index.php\/contact\/\">via le formulaire de contact<\/a> afin de voir les disponibilit\u00e9s. <\/p>\n\n\n\n<p><\/p>\n\n\n\n<p>Je pense mettre en ligne prochainement un calendrier de r\u00e9servation. <\/p>\n","protected":false},"excerpt":{"rendered":"<p>Je vous propose des cours priv\u00e9s ou des cours en groupe, en pr\u00e9sentiel ou online. Merci de me contacter via le formulaire de contact afin de voir les disponibilit\u00e9s. Je&#8230;<\/p>\n","protected":false},"author":1,"featured_media":0,"parent":0,"menu_order":0,"comment_status":"closed","ping_status":"closed","template":"","meta":{"footnotes":""},"class_list":["post-1048","page","type-page","status-publish"],"jetpack_sharing_enabled":true,"_links":{"self":[{"href":"https:\/\/batonfrancais.com\/index.php\/wp-json\/wp\/v2\/pages\/1048","targetHints":{"allow":["GET"]}}],"collection":[{"href":"https:\/\/batonfrancais.com\/index.php\/wp-json\/wp\/v2\/pages"}],"about":[{"href":"https:\/\/batonfrancais.com\/index.php\/wp-json\/wp\/v2\/types\/page"}],"author":[{"embeddable":true,"href":"https:\/\/batonfrancais.com\/index.php\/wp-json\/wp\/v2\/users\/1"}],"replies":[{"embeddable":true,"href":"https:\/\/batonfrancais.com\/index.php\/wp-json\/wp\/v2\/comments?post=1048"}],"version-history":[{"count":3,"href":"https:\/\/batonfrancais.com\/index.php\/wp-json\/wp\/v2\/pages\/1048\/revisions"}],"predecessor-version":[{"id":1066,"href":"https:\/\/batonfrancais.com\/index.php\/wp-json\/wp\/v2\/pages\/1048\/revisions\/1066"}],"wp:attachment":[{"href":"https:\/\/batonfrancais.com\/index.php\/wp-json\/wp\/v2\/media?parent=1048"}],"curies":[{"name":"wp","href":"https:\/\/api.w.org\/{rel}","templated":true}]}}